{"id":6,"date":"2023-05-02T23:21:24","date_gmt":"2023-05-03T02:21:24","guid":{"rendered":"https:\/\/alivetech.com.br\/index.php\/mesmerize\/"},"modified":"2023-05-04T14:52:24","modified_gmt":"2023-05-04T17:52:24","slug":"mesmerize","status":"publish","type":"page","link":"https:\/\/alivetech.com.br\/","title":{"rendered":"Front Page"},"content":{"rendered":"<div  id=\"features-2\" style=\"background-color: rgb(255, 255, 255); background-image: none;\" data-label=\"Features\" data-id=\"features-ov-4-mc\" data-export-id=\"features-ov-4-mc\" data-category=\"features\" class=\"features-ov-4-mc content-section content-section-spacing\" data-bullets-visibility=\"true\"><div  class=\"gridContainer\"> <div  data-type=\"row\" class=\"row spaced-cols text-center\"><div  class=\"col-xs-12 col-sm-4 col-padding\"> <i  class=\"fa icon shadow-large-black aligncenter color1 fa-wifi reverse round large\"><\/i> <div  data-type=\"column\" class=\"\"> <h5  class=\"font-400\">CONECTIVIDADE<\/h5> <p  class=\"\">Atrav\u00e9s da integra\u00e7\u00e3o de solu\u00e7\u00f5es dos maiores players de tecnologia do mundo, Alive te proporciona uma solu\u00e7\u00e3o completa de comunica\u00e7\u00e3o em qualquer lugar<\/p><\/div> <\/div> <div  class=\"col-xs-12 col-sm-4 col-padding\"> <i  class=\"fa icon shadow-large-black aligncenter color2 fa-bar-chart reverse round large\"><\/i> <div  data-type=\"column\" class=\"\"><h5  class=\"font-400\">AUTONOMIA<\/h5> <p  class=\"\">A autossufici\u00eancia do neg\u00f3cio \u00e9 de extrema importante para o desempenho da empresa. Empressas saud\u00e1veis s\u00e3o&nbsp; independe de terceiros.<\/p><\/div> <\/div> <div  class=\"col-xs-12 col-sm-4 col-padding\"> <i  class=\"fa icon shadow-large-black aligncenter color4 fa-unlock-alt reverse round large\"><\/i> <div  data-type=\"column\" class=\"\"><h5  class=\"font-400\">SEGURAN\u00c7A<\/h5> <p  class=\"\">A alive cuida&nbsp; tamb\u00e9m da seguran\u00e7a dos seus dados, com criptografia de ponta a ponta, antivirus &#8211; antimalware &#8211; antispyware \u2013 backup e monitoramento do seu site.<\/p><\/div> <\/div><\/div> <\/div><\/div><div  id=\"about-1\" style=\"background-color: #f5fafd;\" data-label=\"About\" data-id=\"about-images-right-section-mc\" data-export-id=\"about-images-right-section-mc\" data-bullets-visibility=\"true\" data-category=\"about\" class=\"about-images-right-section-mc content-section content-section-spacing\"><div  class=\"gridContainer\"> <div  class=\"row middle-sm text-center\"><div  class=\"col-sm-5 content-left-sm\" data-type=\"column\"> <h5  class=\"\">Conex\u00e3o atrav\u00e9s das estrelas,<\/h5><h2  class=\"\">N\u00f3s te conectamos<br ><span  style=\"font-family: Playfair Display,sans-serif; font-weight: 700; font-style: italic;\" href=\"#\">Ao mundo&nbsp;<\/span>&nbsp;atr\u00e1ves da Star Link<\/h2>  <p  class=\"\">A nossa principal parceira em comunica\u00e7\u00e3o WAN \u00e9 a star link do grupo spaceX do Elon Musk.&nbsp;\n<br ><\/p> <p  class=\"lead\"><\/p><div ><span style=\"font-size: 1.2rem;\" >A Starlink \u00e9 uma constela\u00e7\u00e3o de milhares de sat\u00e9lites que orbitam o planeta muito mais perto da Terra, a uma altitude de cerca de 550 km, e que cobrem todo o planeta. Como os sat\u00e9lites Starlink est\u00e3o em \u00f3rbitas baixas, a lat\u00eancia \u00e9 significativamente menor, cerca de 25 ms em compara\u00e7\u00e3o com mais de 600 ms.<\/span><\/div><\/div> <div  class=\"col-sm-7 space-bottom-xs\"><div  class=\"image-group-side-3-img\"> <a data-cp-link=\"1\" href=\"#\" class=\"top-img-anchor\" target=\"_self\" rel=\"noopener\"><img  decoding=\"async\" class=\"topimg shadow-large\" src=\"https:\/\/alivetech.com.br\/wp-content\/uploads\/2023\/05\/cropped-cropped-cropped-starlink-antena-700x394-1.webp\" title=\"starlink-antena-700x394\" alt=\"\"><\/a> <img  decoding=\"async\" class=\"rightimg shadow-large\" src=\"https:\/\/alivetech.com.br\/wp-content\/uploads\/2023\/05\/cropped-estrelas-1.png\" title=\"cropped-estrelas-1.png\" alt=\"\"> <div  class=\"leftimg\"> <img  decoding=\"async\" class=\"shadow-large\" src=\"https:\/\/alivetech.com.br\/wp-content\/uploads\/2023\/05\/cropped-0f1b9bed-bf4b-4c4d-86a0-102e08855989-696x434-1-1.png\" title=\"0f1b9bed-bf4b-4c4d-86a0-102e08855989-696x434\" alt=\"\"><\/div> <\/div><\/div> <\/div><\/div> <\/div><div  id=\"features-1\" style=\"background-color: #ffffff;\" data-label=\"Features\" data-id=\"features-16-card-bordered-mc\" data-export-id=\"features-16-card-bordered-mc\" data-bullets-visibility=\"true\" data-category=\"features\" class=\"features-16-card-bordered-mc content-section content-section-spacing\"><div  class=\"gridContainer\"> <div  class=\"row text-center\"><div  class=\"section-title-col\" data-type=\"column\"> <h5  class=\"\">TRANSFORMA\u00c7\u00c3O DIGITAL<\/h5> <h2  class=\"\">Nossa miss\u00e3o \u00e9 prove solu\u00e7\u00f5es!<\/h2> <p  class=\"lead\">O modelo de negocio atual agora \u00e9 global, do grande ao micro, todos precisamos estar conctados, nosso desafios \u00e9 criar uma rede de conex\u00e3o segura, escal\u00e1vel e confival.<\/p><\/div> <\/div> <div  class=\"row spaced-cols\" data-type=\"row\"> <div  class=\"col-xs-12 col-sm-6 col-md-4\"> <div  class=\"card no-padding bordered y-move\"> <img  decoding=\"async\" class=\"face\" src=\"https:\/\/alivetech.com.br\/wp-content\/uploads\/2023\/05\/cropped-cropped-cropped-data-center-cisco.png\" title=\"cropped-cropped-cropped-data-center-cisco.png\" alt=\"\"> <div  data-type=\"column\" class=\"col-padding-small col-padding-small-xs description-container\"> <h4  class=\"font-500\">Solu\u00e7\u00f5es Para Data Center<\/h4> <p  class=\"\">A comunica\u00e7\u00e3o segura do seu neg\u00f3cio \u00e9 o que te apresenta para o mundo, a Alive abre portas utilizando a tecnologia e seguran\u00e7a necess\u00e1rias para que voc\u00ea possa atuar com confian\u00e7a que toda informa\u00e7\u00e3o necess\u00e1ria estar\u00e1 na palma de suas m\u00e3os, quando e onde precisar. <\/p><\/div> <div  data-type=\"column\" class=\"col-padding-small col-padding-small-xs read-more-container\"><a  class=\"read-more\">learn more<\/a><\/div> <\/div><\/div> <div  class=\"col-xs-12 col-sm-6 col-md-4\"><div  class=\"card no-padding bordered y-move\"> <img  decoding=\"async\" class=\"face\" src=\"https:\/\/alivetech.com.br\/wp-content\/uploads\/2023\/05\/cropped-PAINEL-SOLAR.png\" title=\"cropped-PAINEL-SOLAR.png\" alt=\"\"> <div  data-type=\"column\" class=\"col-padding-small col-padding-small-xs description-container\"> <h4  class=\"font-500\">Renov\u00e1vel e Autonoma<\/h4> <p  class=\"\">Data center e sites independes s\u00e3o cada vez mais necess\u00e1rios, lugares isolados como \u2013 campos \u2013 montanhas \u2013 fazendas -pequenas cidades carregam um grande valor. N\u00e3o podemos esperar que infraestrutura chegue l\u00e1 sozinha. Com um custo muito menor e grande preserva\u00e7\u00e3o ao meio ambiente, montamos estruturas onde muitos j\u00e1 mais chegariam.<\/p><\/div> <div  data-type=\"column\" class=\"col-padding-small col-padding-small-xs read-more-container\"><a  class=\"read-more\">learn more<\/a><\/div> <\/div><\/div> <div  class=\"col-xs-12 col-sm-6 col-md-4\"><div  class=\"card no-padding bordered y-move\"> <img  decoding=\"async\" class=\"face\" src=\"https:\/\/alivetech.com.br\/wp-content\/themes\/highlight\/customizer\/sections\/images\/cropped-startup-849804_1920.jpg\"> <div  data-type=\"column\" class=\"col-padding-small col-padding-small-xs description-container\"> <h4  class=\"font-500\">Aplicativos e Gest\u00e3o<\/h4> <p  class=\"\">Com neg\u00f3cios escal\u00e1veis crescendo exponencialmente, sabemos dos desafios de gerir tudo isso, ent\u00e3o a parte de analictis de desenvolvimento da Alive continuamente desenvolve ferramentas e apps para te ajudas na gest\u00e3o do seu neg\u00f3cio, nas mais variadas plataformas.<\/p><\/div> <div  data-type=\"column\" class=\"col-padding-small col-padding-small-xs read-more-container\"><a  class=\"read-more\">learn more<\/a><\/div> <\/div><\/div> <\/div><\/div> <\/div><div  id=\"portfolio-1\" data-label=\"Portfolio\" data-id=\"portfolio-5-mc\" data-export-id=\"portfolio-5-mc\" data-bullets-visibility=\"true\" data-category=\"portfolio\" class=\"portfolio-5-mc content-section content-section-spacing section-title-col-white-text bg-color1\"><div  class=\"gridContainer\"> <div  class=\"row text-center\"><div  class=\"section-title-col\" data-type=\"column\">  <h2  class=\"\">PARCEIROS<\/h2> <p  class=\"lead\">A Alive conta com um time de parceiros nacinais e internacionais para suas solu\u00e7\u00f5es<\/p><img decoding=\"async\"  class=\"custom-image\" src=\"https:\/\/alivetech.com.br\/wp-content\/uploads\/2023\/05\/cropped-Intelbras-logo-e1683222159807.png\" title=\"Intelbras-logo\" alt=\"\"><img decoding=\"async\"  class=\"custom-image\" src=\"https:\/\/alivetech.com.br\/wp-content\/uploads\/2023\/05\/cropped-cropped-Starlink_Logo.svg_-e1683221927280.png\" title=\"Starlink_Logo.svg\" alt=\"\"><img decoding=\"async\"  class=\"custom-image\" src=\"https:\/\/alivetech.com.br\/wp-content\/uploads\/2023\/05\/cropped-Logotipo-Ubiquiti-Parceiro-Athena-Security-e1683222451370.png\" title=\"Logotipo-Ubiquiti-Parceiro-Athena-Security\" alt=\"\"><\/div> <\/div> <div  class=\"row space-bottom spaced-cols\" data-type=\"row\">  <div  class=\"col-xs-12 col-sm-4 text-center\"> <div  class=\"card no-padding bordered\"> <div  data-hover-fx=\"portfolio-6\" class=\"contentswap-effect contentswap-overlay\" style=\"float: none; margin: 0; width: 100%;\"> <div  class=\"initial-image\" style=\"float: none; margin: 0;\"> <img  decoding=\"async\" data-size=\"500x333\" src=\"\"><\/div> <div  class=\"overlay bg-color6\" style=\"display: block; transition: opacity 800ms ease 0s; -webkit-transition-timing-function: ease; -moz-transition-timing-function: ease; -o-transition-timing-function: ease; transition-timing-function: ease;\"><\/div> <div  class=\"swap-inner col-xs-12\" style=\"display: block; transition: all 800ms ease 0s; background-color: rgba(0,0,0,0); margin-top: 0;\"> <div  class=\"row full-height-row middle-xs middle-sm\"> <div  class=\"col-xs-12 text-center content-holder\"> <a class=\"button small color2\" href=\"#\" target=\"_self\" data-cp-link=\"1\" rel=\"noopener\">View case study<\/a><\/div> <\/div><\/div> <\/div> <div  class=\"col-xs-12\"> <div  class=\"space-bottom space-top\" data-type=\"column\">  <\/div> <\/div><\/div> <\/div> <\/div> <div  class=\"row\"><div  data-type=\"column\" class=\"col-xs-12 text-center\"> <\/div> <\/div><\/div> <\/div><div  id=\"cta-1\" style=\"background-color: #f5fafd;\" data-label=\"Cta\" data-id=\"cta-blue-section-mc\" data-export-id=\"cta-blue-section-mc\" data-category=\"cta\" class=\"cta-blue-section-mc content-section content-section-spacing le_cocktail white-text\"><div  class=\"gridContainer\"> <div  class=\"row middle-xs\"><div  class=\"col-sm-8 space-bottom-xs\" data-type=\"column\"> <h2  class=\"\">Fale com um especialista<\/h2> <\/div> <div  class=\"col-sm-4 end-sm\" data-type=\"column\"> <a class=\"button color2\" href=\"https:\/\/wa.me\/556140427500\" target=\"_self\" data-cp-link=\"1\" rel=\"noopener\">Fa\u00e7a seu or\u00e7amento<\/a><\/div> <\/div><\/div> <\/div><div  id=\"latest-news-1\" style=\"background-color: #f5fafd;\" data-label=\"Latest-news\" data-id=\"blog-section-mc\" data-export-id=\"blog-section-mc\" data-category=\"latest_news\" class=\"blog-section-mc blog-section-standard content-section content-section-spacing\"><div  class=\"gridContainer\"> <div  class=\"row\"><div  data-type=\"column\" class=\"section-title-col\"> <h5  class=\"\">Good News<\/h5> <h2  class=\"\">Fique Por Dentro das Novidades<\/h2> <p  class=\"lead\">O mundo n\u00e3o para, e o avan\u00e7o da tecnologia da informa\u00e7\u00e3o tamb\u00e9m n\u00e3o.\n<br >Fique por dentro da novidades do mundo da TI<\/p><\/div> <\/div> <div  class=\"row\"> <div  data-type=\"row\" data-dynamic-columns=\"handled\" data-content-shortcode=\"mesmerize_latest_news posts=&quot;3&quot;\">\t\t<div class=\"row center-sm content-left-sm\">\n\t\t\t\t\t<div id=\"post-1\" class=\"col-sm-6 col-md-4 space-bottom space-bottom-xs\">\n\t\t\t\t<div class=\"post-content card y-move bordered\">\n\t\t\t\t\t<div class=\"post-thumbnail\">\n   <a href=\"https:\/\/alivetech.com.br\/index.php\/2023\/05\/02\/ola-mundo\/\" class=\"post-list-item-thumb \">\n      \n            <svg class=\"mesmerize-post-list-item-thumb-placeholder\" width=\"890\" height=\"580\" viewBox=\"0 0 890 580\"\n         preserveAspectRatio=\"none\">\n         <rect width=\"890\" height=\"580\" style=\"fill:#74FF00;\"><\/rect>\n      <\/svg>\n               <\/a>\n<\/div>\n\t\t\t\t\t<div class=\"col-padding col-padding-xs\">\n\t\t\t\t\t\t<h3 class=\"post-title space-bottom-small\">\n\t\t\t\t\t\t\t<a href=\"https:\/\/alivetech.com.br\/index.php\/2023\/05\/02\/ola-mundo\/\" rel=\"bookmark\">\n\t\t\t\t\t\t\t\tOl\u00e1, mundo!\t\t\t\t\t\t\t<\/a>\n\t\t\t\t\t\t<\/h3>\n\t\t\t\t\t\t<p>Boas-vindas ao WordPress. Esse \u00e9 o seu primeiro post. Edite-o ou exclua-o, e ent\u00e3o comece a escrever!<\/p>\n\t\t\t\t\t\t<a class=\"read-more link\" href=\"https:\/\/alivetech.com.br\/index.php\/2023\/05\/02\/ola-mundo\/\">\n\t\t\t\t\t\t\tRead more\t\t\t\t\t\t<\/a>\n\t\t\t\t\t<\/div>\n\t\t\t\t<\/div>\n\t\t\t<\/div>\n\t\t\t\t<\/div>\n\t<\/div><\/div> <div  class=\"row\"><div  class=\"text-center\"> <a  class=\"button color1\" data-attr-shortcode=\"href:mesmerize_blog_link\" href=\"https:\/\/alivetech.com.br\/index.php\/blog\/\">VIEW OUR BLOG<\/a><\/div> <\/div><\/div><\/div><div  id=\"contact-1\" style=\"background-color: #ffffff;\" data-label=\"Contact\" data-id=\"contact-1-mc\" data-export-id=\"contact-1-mc\" data-bullets-visibility=\"true\" data-category=\"contact\" class=\"contact-1-mc content-section content-section-spacing white-text\" data-parallax-depth=\"20\"><div  class=\"gridContainer\"> <div  class=\"row text-center\"><div  class=\"section-title-col\" data-type=\"column\"> <h5  class=\"\">ENTRE EM CONTATO<\/h5> <h2  class=\"\">+55 61 4047-7500<\/h2> <\/div> <\/div> <div  class=\"row text-center\"> <div  class=\"col-xs-12 col-sm-8 col-sm-offset-2 contact-form-wrapper inline-info\"> <div  class=\"card large-padding\"> <div  class=\"\" data-content-shortcode=\"mesmerize_contact_form shortcode=&quot;Deixe seu mensagem.&quot;\" data-editable=\"true\">[Deixe seu mensagem.]<\/div><\/div> <\/div><\/div> <\/div><\/div>","protected":false},"excerpt":{"rendered":"<p>CONECTIVIDADE Atrav\u00e9s da integra\u00e7\u00e3o de solu\u00e7\u00f5es dos maiores players de tecnologia do mundo, Alive te proporciona uma solu\u00e7\u00e3o completa de comunica\u00e7\u00e3o em qualquer lugar AUTONOMIA A autossufici\u00eancia do neg\u00f3cio \u00e9 de extrema importante para o desempenho da empresa. Empressas saud\u00e1veis s\u00e3o&nbsp; independe de terceiros. SEGURAN\u00c7A A alive cuida&nbsp; tamb\u00e9m da seguran\u00e7a dos seus dados, com&hellip; <br \/> <a class=\"read-more\" href=\"https:\/\/alivetech.com.br\/index.php\/2023\/05\/02\/ola-mundo\/\">Read more<\/a><\/p>\n","protected":false},"author":1,"featured_media":0,"parent":0,"menu_order":0,"comment_status":"closed","ping_status":"closed","template":"page-templates\/homepage.php","meta":{"footnotes":""},"_links":{"self":[{"href":"https:\/\/alivetech.com.br\/index.php\/wp-json\/wp\/v2\/pages\/6"}],"collection":[{"href":"https:\/\/alivetech.com.br\/index.php\/wp-json\/wp\/v2\/pages"}],"about":[{"href":"https:\/\/alivetech.com.br\/index.php\/wp-json\/wp\/v2\/types\/page"}],"author":[{"embeddable":true,"href":"https:\/\/alivetech.com.br\/index.php\/wp-json\/wp\/v2\/users\/1"}],"replies":[{"embeddable":true,"href":"https:\/\/alivetech.com.br\/index.php\/wp-json\/wp\/v2\/comments?post=6"}],"version-history":[{"count":12,"href":"https:\/\/alivetech.com.br\/index.php\/wp-json\/wp\/v2\/pages\/6\/revisions"}],"predecessor-version":[{"id":80,"href":"https:\/\/alivetech.com.br\/index.php\/wp-json\/wp\/v2\/pages\/6\/revisions\/80"}],"wp:attachment":[{"href":"https:\/\/alivetech.com.br\/index.php\/wp-json\/wp\/v2\/media?parent=6"}],"curies":[{"name":"wp","href":"https:\/\/api.w.org\/{rel}","templated":true}]}}